{"id":230661,"date":"2022-08-22T11:06:21","date_gmt":"2022-08-22T09:06:21","guid":{"rendered":"https:\/\/schelle-wassertechnik.de\/de\/?page_id=230661"},"modified":"2023-04-15T13:38:27","modified_gmt":"2023-04-15T11:38:27","slug":"leitungs-desinfektion","status":"publish","type":"page","link":"https:\/\/schelle-wassertechnik.de\/de\/leitungs-desinfektion\/","title":{"rendered":"Leitungs-Desinfektion"},"content":{"rendered":"<p>[et_pb_section fb_built=&#8220;1&#8243; custom_padding_last_edited=&#8220;on|phone&#8220; _builder_version=&#8220;4.18.0&#8243; _module_preset=&#8220;default&#8220; custom_margin=&#8220;0px|0px|0px|0px|false|false&#8220; custom_padding=&#8220;50px|0px|0px|0px|false|false&#8220; custom_padding_tablet=&#8220;50px|0px|0px|0px|false|false&#8220; custom_padding_phone=&#8220;0px|0px|0px|0px|false|false&#8220; global_colors_info=&#8220;{}&#8220;][et_pb_row column_structure=&#8220;2_5,3_5&#8243; _builder_version=&#8220;4.17.6&#8243; _module_preset=&#8220;default&#8220; width=&#8220;auto&#8220; width_tablet=&#8220;&#8220; width_phone=&#8220;&#8220; width_last_edited=&#8220;on|phone&#8220; max_width=&#8220;90%&#8220; max_width_tablet=&#8220;90%&#8220; max_width_phone=&#8220;90%&#8220; max_width_last_edited=&#8220;on|desktop&#8220; global_colors_info=&#8220;{}&#8220;][et_pb_column type=&#8220;2_5&#8243; _builder_version=&#8220;4.17.6&#8243; _module_preset=&#8220;default&#8220; global_colors_info=&#8220;{}&#8220;][et_pb_image src=&#8220;https:\/\/schelle-wassertechnik.de\/de\/wp-content\/uploads\/2023\/04\/woman-filling-tap-water-on-the-kitchen-2022-01-19-00-17-35-utc_web.jpg&#8220; title_text=&#8220;Woman filling tap water on the kitchen&#8220; _builder_version=&#8220;4.20.4&#8243; _module_preset=&#8220;default&#8220; width_tablet=&#8220;auto&#8220; width_phone=&#8220;50%&#8220; width_last_edited=&#8220;off|phone&#8220; custom_margin=&#8220;130px||||false|false&#8220; custom_margin_tablet=&#8220;0px||||false|false&#8220; custom_margin_phone=&#8220;0px||||false|false&#8220; custom_margin_last_edited=&#8220;on|phone&#8220; hover_enabled=&#8220;0&#8243; global_colors_info=&#8220;{}&#8220; locked=&#8220;off&#8220; show_in_lightbox=&#8220;on&#8220; sticky_enabled=&#8220;0&#8243;][\/et_pb_image][\/et_pb_column][et_pb_column type=&#8220;3_5&#8243; _builder_version=&#8220;4.17.6&#8243; _module_preset=&#8220;default&#8220; global_colors_info=&#8220;{}&#8220;][et_pb_text _builder_version=&#8220;4.18.0&#8243; text_font=&#8220;Cabin||||||||&#8220; text_text_color=&#8220;rgba(85,101,112,0.8)&#8220; text_font_size=&#8220;16px&#8220; header_font=&#8220;|700|||||||&#8220; header_text_color=&#8220;#212E40&#8243; header_font_size=&#8220;3vw&#8220; header_2_font=&#8220;|700|||||||&#8220; header_2_text_color=&#8220;#000000&#8243; header_2_font_size=&#8220;24px&#8220; header_2_line_height=&#8220;1.2em&#8220; header_3_font=&#8220;Cabin|700||on|||||&#8220; header_3_text_color=&#8220;#bd8f52&#8243; header_3_font_size=&#8220;13px&#8220; header_3_letter_spacing=&#8220;3px&#8220; header_3_line_height=&#8220;1.4em&#8220; max_width=&#8220;36vw&#8220; max_width_tablet=&#8220;90%&#8220; max_width_phone=&#8220;100%&#8220; max_width_last_edited=&#8220;on|tablet&#8220; custom_margin=&#8220;||2vw||false|false&#8220; header_font_size_tablet=&#8220;5vw&#8220; header_font_size_phone=&#8220;7vw&#8220; header_font_size_last_edited=&#8220;on|phone&#8220; header_2_font_size_tablet=&#8220;20px&#8220; header_2_font_size_phone=&#8220;18px&#8220; header_2_font_size_last_edited=&#8220;on|desktop&#8220; locked=&#8220;off&#8220; global_colors_info=&#8220;{}&#8220;]<\/p>\n<h1>Sauberes Wasser<\/h1>\n<h2>durch perfekten Schutz f\u00fcr Ihr Trinkwasser-Leitungssystem<\/h2>\n<p>[\/et_pb_text][et_pb_text _builder_version=&#8220;4.19.5&#8243; text_font=&#8220;||||||||&#8220; text_text_color=&#8220;#000000&#8243; text_font_size=&#8220;16px&#8220; text_line_height=&#8220;1.6em&#8220; header_font=&#8220;|700|||||||&#8220; header_text_color=&#8220;#002d4c&#8220; header_font_size=&#8220;10vw&#8220; header_3_font=&#8220;|700||on|||||&#8220; header_3_text_color=&#8220;#212E40&#8243; header_3_font_size=&#8220;13px&#8220; header_3_letter_spacing=&#8220;3px&#8220; header_3_line_height=&#8220;1.4em&#8220; text_orientation=&#8220;justified&#8220; max_width=&#8220;100%&#8220; max_width_tablet=&#8220;100%&#8220; max_width_phone=&#8220;100%&#8220; max_width_last_edited=&#8220;on|desktop&#8220; custom_margin=&#8220;||20px||false|false&#8220; text_font_size_tablet=&#8220;17px&#8220; text_font_size_phone=&#8220;16px&#8220; text_font_size_last_edited=&#8220;on|phone&#8220; text_line_height_tablet=&#8220;1.6em&#8220; text_line_height_phone=&#8220;1.6em&#8220; text_line_height_last_edited=&#8220;on|tablet&#8220; locked=&#8220;off&#8220; global_colors_info=&#8220;{}&#8220;]<\/p>\n<p>Wir sind in der gl\u00fccklichen Lage und erhalten von den Versorgern qualitativ sehr gutes Trinkwasser. Oftmals kommt es aber in der Hausinstallation zu Korrosion, Belastung mit Keimen, Legionellen und Microorganismen, wodurch die hohe Qualit\u00e4t unseres Trinkwassers beeintr\u00e4chtigt oder sogar gesundheitlich bedenklich werden kann.<\/p>\n<p>Mit der\u00a0<strong>fsw-Trinkwasser-Sp\u00fcltechnik<\/strong>\u00a0werden komplette Installationen ohne Abbau von Armaturen desinfiziert. Dabei wird die gesamte Hausinstallation vom Versorgungsnetz getrennt, anschlie\u00dfend desinfiziert und freigesp\u00fclt. Nach Abschluss unserer Leistungen steht wieder hygienisch sauberes Trinkwasser gem\u00e4\u00df Trinkwasserverordnung zur Verf\u00fcgung<\/p>\n<p>[\/et_pb_text][et_pb_text _builder_version=&#8220;4.18.0&#8243; text_font=&#8220;Cabin||||||||&#8220; text_text_color=&#8220;rgba(85,101,112,0.8)&#8220; text_font_size=&#8220;16px&#8220; header_font=&#8220;|700|||||||&#8220; header_text_color=&#8220;#212E40&#8243; header_font_size=&#8220;3vw&#8220; header_2_font=&#8220;|700|||||||&#8220; header_2_text_color=&#8220;#000000&#8243; header_2_font_size=&#8220;24px&#8220; header_2_line_height=&#8220;1.2em&#8220; header_3_font=&#8220;Cabin|700||on|||||&#8220; header_3_text_color=&#8220;#bd8f52&#8243; header_3_font_size=&#8220;13px&#8220; header_3_letter_spacing=&#8220;3px&#8220; header_3_line_height=&#8220;1.4em&#8220; max_width=&#8220;36vw&#8220; max_width_tablet=&#8220;90%&#8220; max_width_phone=&#8220;100%&#8220; max_width_last_edited=&#8220;on|tablet&#8220; custom_margin=&#8220;2vw||0px||false|false&#8220; header_font_size_tablet=&#8220;5vw&#8220; header_font_size_phone=&#8220;7vw&#8220; header_font_size_last_edited=&#8220;on|phone&#8220; header_2_font_size_tablet=&#8220;20px&#8220; header_2_font_size_phone=&#8220;18px&#8220; header_2_font_size_last_edited=&#8220;on|desktop&#8220; locked=&#8220;off&#8220; global_colors_info=&#8220;{}&#8220;]<\/p>\n<h2>Ihre Vorteile:<\/h2>\n<p>[\/et_pb_text][et_pb_text _builder_version=&#8220;4.19.5&#8243; text_font=&#8220;||||||||&#8220; text_text_color=&#8220;#000000&#8243; text_font_size=&#8220;16px&#8220; text_line_height=&#8220;1.6em&#8220; header_font=&#8220;|700|||||||&#8220; header_text_color=&#8220;#002d4c&#8220; header_font_size=&#8220;10vw&#8220; header_3_font=&#8220;|700||on|||||&#8220; header_3_text_color=&#8220;#212E40&#8243; header_3_font_size=&#8220;13px&#8220; header_3_letter_spacing=&#8220;3px&#8220; header_3_line_height=&#8220;1.4em&#8220; text_orientation=&#8220;justified&#8220; max_width=&#8220;100%&#8220; max_width_tablet=&#8220;100%&#8220; max_width_phone=&#8220;100%&#8220; max_width_last_edited=&#8220;on|desktop&#8220; custom_margin=&#8220;||20px||false|false&#8220; text_font_size_tablet=&#8220;17px&#8220; text_font_size_phone=&#8220;16px&#8220; text_font_size_last_edited=&#8220;on|phone&#8220; text_line_height_tablet=&#8220;1.6em&#8220; text_line_height_phone=&#8220;1.6em&#8220; text_line_height_last_edited=&#8220;on|tablet&#8220; locked=&#8220;off&#8220; global_colors_info=&#8220;{}&#8220;]<\/p>\n<ul>\n<li>Ausf\u00fchrung im bewohnten Zustand<\/li>\n<li>Kein Aufschlagen der W\u00e4nde<\/li>\n<li>Keine Demontage von Armaturen<\/li>\n<li>Nach Abschluss unserer Leistungen steht wieder hygienisch sauberes Trinkwasser gem\u00e4\u00df Trinkwasserverordnung zur Verf\u00fcgung<\/li>\n<\/ul>\n<p>[\/et_pb_text][\/et_pb_column][\/et_pb_row][\/et_pb_section]<\/p>\n","protected":false},"excerpt":{"rendered":"<p>Sauberes Wasser durch perfekten Schutz f\u00fcr Ihr Trinkwasser-LeitungssystemWir sind in der gl\u00fccklichen Lage und erhalten von den Versorgern qualitativ sehr gutes Trinkwasser. Oftmals kommt es aber in der Hausinstallation zu Korrosion, Belastung mit Keimen, Legionellen und Microorganismen, wodurch die hohe Qualit\u00e4t unseres Trinkwassers beeintr\u00e4chtigt oder sogar gesundheitlich bedenklich werden kann. Mit der\u00a0fsw-Trinkwasser-Sp\u00fcltechnik\u00a0werden komplette Installationen ohne Abbau von Armaturen desinfiziert. Dabei wird die gesamte Hausinstallation vom Versorgungsnetz getrennt, anschlie\u00dfend desinfiziert und freigesp\u00fclt. Nach Abschluss unserer Leistungen steht wieder hygienisch sauberes Trinkwasser gem\u00e4\u00df Trinkwasserverordnung zur Verf\u00fcgungIhre Vorteile: Ausf\u00fchrung im bewohnten Zustand Kein Aufschlagen der W\u00e4nde Keine Demontage von Armaturen Nach Abschluss unserer Leistungen steht wieder hygienisch sauberes Trinkwasser gem\u00e4\u00df Trinkwasserverordnung zur Verf\u00fcgung<\/p>\n","protected":false},"author":1,"featured_media":0,"parent":0,"menu_order":0,"comment_status":"closed","ping_status":"closed","template":"","meta":{"_et_pb_use_builder":"on","_et_pb_old_content":"","_et_gb_content_width":"","footnotes":""},"class_list":["post-230661","page","type-page","status-publish","hentry"],"_links":{"self":[{"href":"https:\/\/schelle-wassertechnik.de\/de\/wp-json\/wp\/v2\/pages\/230661","targetHints":{"allow":["GET"]}}],"collection":[{"href":"https:\/\/schelle-wassertechnik.de\/de\/wp-json\/wp\/v2\/pages"}],"about":[{"href":"https:\/\/schelle-wassertechnik.de\/de\/wp-json\/wp\/v2\/types\/page"}],"author":[{"embeddable":true,"href":"https:\/\/schelle-wassertechnik.de\/de\/wp-json\/wp\/v2\/users\/1"}],"replies":[{"embeddable":true,"href":"https:\/\/schelle-wassertechnik.de\/de\/wp-json\/wp\/v2\/comments?post=230661"}],"version-history":[{"count":9,"href":"https:\/\/schelle-wassertechnik.de\/de\/wp-json\/wp\/v2\/pages\/230661\/revisions"}],"predecessor-version":[{"id":230888,"href":"https:\/\/schelle-wassertechnik.de\/de\/wp-json\/wp\/v2\/pages\/230661\/revisions\/230888"}],"wp:attachment":[{"href":"https:\/\/schelle-wassertechnik.de\/de\/wp-json\/wp\/v2\/media?parent=230661"}],"curies":[{"name":"wp","href":"https:\/\/api.w.org\/{rel}","templated":true}]}}