{"id":230729,"date":"2022-08-22T13:04:37","date_gmt":"2022-08-22T11:04:37","guid":{"rendered":"https:\/\/schelle-wassertechnik.de\/de\/?page_id=230729"},"modified":"2023-04-13T14:35:05","modified_gmt":"2023-04-13T12:35:05","slug":"verkalkte_wasserleitungen","status":"publish","type":"page","link":"https:\/\/schelle-wassertechnik.de\/de\/verkalkte_wasserleitungen\/","title":{"rendered":"Verkalkte Wasserleitungen"},"content":{"rendered":"<p>[et_pb_section fb_built=&#8220;1&#8243; custom_padding_last_edited=&#8220;on|phone&#8220; disabled_on=&#8220;on|on|on&#8220; _builder_version=&#8220;4.19.5&#8243; _module_preset=&#8220;default&#8220; custom_margin=&#8220;0px|0px|0px|0px|false|false&#8220; custom_padding=&#8220;50px|0px|0px|0px|false|false&#8220; custom_padding_tablet=&#8220;50px|0px|0px|0px|false|false&#8220; custom_padding_phone=&#8220;0px|0px|0px|0px|false|false&#8220; disabled=&#8220;on&#8220; global_colors_info=&#8220;{}&#8220;][et_pb_row column_structure=&#8220;2_5,3_5&#8243; make_equal=&#8220;on&#8220; _builder_version=&#8220;4.18.0&#8243; _module_preset=&#8220;default&#8220; width=&#8220;auto&#8220; width_tablet=&#8220;&#8220; width_phone=&#8220;&#8220; width_last_edited=&#8220;on|phone&#8220; max_width=&#8220;90%&#8220; max_width_tablet=&#8220;90%&#8220; max_width_phone=&#8220;90%&#8220; max_width_last_edited=&#8220;on|desktop&#8220; global_colors_info=&#8220;{}&#8220;][et_pb_column type=&#8220;2_5&#8243; _builder_version=&#8220;4.18.0&#8243; _module_preset=&#8220;default&#8220; background_color=&#8220;RGBA(255,255,255,0)&#8220; background_image=&#8220;https:\/\/schelle-wassertechnik.de\/de\/wp-content\/uploads\/2022\/03\/underfloor-surface-heating-pipes-low-temperature-2021-08-26-17-11-19-utc.jpg&#8220; background_enable_mask_style=&#8220;on&#8220; background_mask_style=&#8220;arch&#8220; background_mask_transform=&#8220;invert&#8220; background_mask_size=&#8220;cover&#8220; background_mask_position=&#8220;top_left&#8220; filter_hue_rotate=&#8220;190deg&#8220; global_colors_info=&#8220;{}&#8220;][\/et_pb_column][et_pb_column type=&#8220;3_5&#8243; _builder_version=&#8220;4.17.6&#8243; _module_preset=&#8220;default&#8220; global_colors_info=&#8220;{}&#8220;][et_pb_text _builder_version=&#8220;4.18.0&#8243; text_font=&#8220;Cabin||||||||&#8220; text_text_color=&#8220;rgba(85,101,112,0.8)&#8220; text_font_size=&#8220;16px&#8220; header_font=&#8220;|700|||||||&#8220; header_text_color=&#8220;#212E40&#8243; header_font_size=&#8220;3vw&#8220; header_2_font=&#8220;|700|||||||&#8220; header_2_text_color=&#8220;#000000&#8243; header_2_font_size=&#8220;24px&#8220; header_2_line_height=&#8220;1.2em&#8220; header_3_font=&#8220;Cabin|700||on|||||&#8220; header_3_text_color=&#8220;#bd8f52&#8243; header_3_font_size=&#8220;13px&#8220; header_3_letter_spacing=&#8220;3px&#8220; header_3_line_height=&#8220;1.4em&#8220; max_width=&#8220;36vw&#8220; max_width_tablet=&#8220;90%&#8220; max_width_phone=&#8220;100%&#8220; max_width_last_edited=&#8220;on|tablet&#8220; custom_margin=&#8220;||2vw||false|false&#8220; header_font_size_tablet=&#8220;5vw&#8220; header_font_size_phone=&#8220;7vw&#8220; header_font_size_last_edited=&#8220;on|phone&#8220; header_2_font_size_tablet=&#8220;20px&#8220; header_2_font_size_phone=&#8220;18px&#8220; header_2_font_size_last_edited=&#8220;on|desktop&#8220; locked=&#8220;off&#8220; global_colors_info=&#8220;{}&#8220;]<\/p>\n<h1>Saubere Heizkreisl\u00e4ufe<\/h1>\n<p>[\/et_pb_text][et_pb_text _builder_version=&#8220;4.18.0&#8243; text_font=&#8220;||||||||&#8220; text_text_color=&#8220;#000000&#8243; text_font_size=&#8220;16px&#8220; text_line_height=&#8220;1.6em&#8220; header_font=&#8220;|700|||||||&#8220; header_text_color=&#8220;#002d4c&#8220; header_font_size=&#8220;10vw&#8220; header_3_font=&#8220;|700||on|||||&#8220; header_3_text_color=&#8220;#212E40&#8243; header_3_font_size=&#8220;13px&#8220; header_3_letter_spacing=&#8220;3px&#8220; header_3_line_height=&#8220;1.4em&#8220; text_orientation=&#8220;justified&#8220; max_width=&#8220;100%&#8220; max_width_tablet=&#8220;100%&#8220; max_width_phone=&#8220;100%&#8220; max_width_last_edited=&#8220;on|desktop&#8220; custom_margin=&#8220;||20px||false|false&#8220; text_font_size_tablet=&#8220;17px&#8220; text_font_size_phone=&#8220;16px&#8220; text_font_size_last_edited=&#8220;on|phone&#8220; text_line_height_tablet=&#8220;1.6em&#8220; text_line_height_phone=&#8220;1.6em&#8220; text_line_height_last_edited=&#8220;on|tablet&#8220; locked=&#8220;off&#8220; global_colors_info=&#8220;{}&#8220;]<\/p>\n<p>Heizungsanlagen sind wasserdicht, aber nicht gasdicht, deshalb kann Sauerstoff in die Heizungssysteme eindringen. Sauerstoff beschleunigt Korrosionsvorg\u00e4nge, die zu Rostschlamm und Gaspolstern f\u00fchren.<\/p>\n<p>Die Folge k\u00f6nnen verschlammte Fu\u00dfbodenkreisl\u00e4ufe, blockierte Umw\u00e4lzpumpen, defekte Thermostat- und Regelventile sowie eine verminderte Heizleistung sein.<\/p>\n<p>Die <strong>fsw-Speicher- und Heizungs-Sp\u00fcltechnik<\/strong> ist eine Kombinationssp\u00fclung bestehend aus einem Luft-Wasser-Gemisch und Mineralwirkstoffen. Dadurch werden in Heizungssystemen Rostschl\u00e4mme abgebaut und die Heizkreise freigesp\u00fclt.<\/p>\n<p>[\/et_pb_text][et_pb_text _builder_version=&#8220;4.18.0&#8243; text_font=&#8220;Cabin||||||||&#8220; text_text_color=&#8220;rgba(85,101,112,0.8)&#8220; text_font_size=&#8220;16px&#8220; header_font=&#8220;|700|||||||&#8220; header_text_color=&#8220;#212E40&#8243; header_font_size=&#8220;3vw&#8220; header_2_font=&#8220;|700|||||||&#8220; header_2_text_color=&#8220;#000000&#8243; header_2_font_size=&#8220;24px&#8220; header_2_line_height=&#8220;1.2em&#8220; header_3_font=&#8220;Cabin|700||on|||||&#8220; header_3_text_color=&#8220;#bd8f52&#8243; header_3_font_size=&#8220;13px&#8220; header_3_letter_spacing=&#8220;3px&#8220; header_3_line_height=&#8220;1.4em&#8220; max_width=&#8220;36vw&#8220; max_width_tablet=&#8220;90%&#8220; max_width_phone=&#8220;100%&#8220; max_width_last_edited=&#8220;on|tablet&#8220; custom_margin=&#8220;2vw||0px||false|false&#8220; header_font_size_tablet=&#8220;5vw&#8220; header_font_size_phone=&#8220;7vw&#8220; header_font_size_last_edited=&#8220;on|phone&#8220; header_2_font_size_tablet=&#8220;20px&#8220; header_2_font_size_phone=&#8220;18px&#8220; header_2_font_size_last_edited=&#8220;on|desktop&#8220; locked=&#8220;off&#8220; global_colors_info=&#8220;{}&#8220;]<\/p>\n<h2>Ihre Vorteile:<\/h2>\n<p>[\/et_pb_text][et_pb_text _builder_version=&#8220;4.18.0&#8243; text_font=&#8220;||||||||&#8220; text_text_color=&#8220;#000000&#8243; text_font_size=&#8220;16px&#8220; text_line_height=&#8220;1.6em&#8220; header_font=&#8220;|700|||||||&#8220; header_text_color=&#8220;#002d4c&#8220; header_font_size=&#8220;10vw&#8220; header_3_font=&#8220;|700||on|||||&#8220; header_3_text_color=&#8220;#212E40&#8243; header_3_font_size=&#8220;13px&#8220; header_3_letter_spacing=&#8220;3px&#8220; header_3_line_height=&#8220;1.4em&#8220; text_orientation=&#8220;justified&#8220; max_width=&#8220;100%&#8220; max_width_tablet=&#8220;100%&#8220; max_width_phone=&#8220;100%&#8220; max_width_last_edited=&#8220;on|desktop&#8220; custom_margin=&#8220;||20px||false|false&#8220; text_font_size_tablet=&#8220;17px&#8220; text_font_size_phone=&#8220;16px&#8220; text_font_size_last_edited=&#8220;on|phone&#8220; text_line_height_tablet=&#8220;1.6em&#8220; text_line_height_phone=&#8220;1.6em&#8220; text_line_height_last_edited=&#8220;on|tablet&#8220; locked=&#8220;off&#8220; global_colors_info=&#8220;{}&#8220;]<\/p>\n<ul>\n<li>Anstieg der Heizleistung<\/li>\n<li>Energie wird gespart und damit auch die Umwelt geschont<\/li>\n<\/ul>\n<p>[\/et_pb_text][\/et_pb_column][\/et_pb_row][\/et_pb_section][et_pb_section fb_built=&#8220;1&#8243; custom_padding_last_edited=&#8220;on|phone&#8220; _builder_version=&#8220;4.18.0&#8243; _module_preset=&#8220;default&#8220; custom_margin=&#8220;0px|0px|0px|0px|false|false&#8220; custom_padding=&#8220;50px|0px|0px|0px|false|false&#8220; custom_padding_tablet=&#8220;50px|0px|0px|0px|false|false&#8220; custom_padding_phone=&#8220;0px|0px|0px|0px|false|false&#8220; locked=&#8220;off&#8220; global_colors_info=&#8220;{}&#8220;][et_pb_row column_structure=&#8220;2_5,3_5&#8243; make_equal=&#8220;on&#8220; _builder_version=&#8220;4.19.5&#8243; _module_preset=&#8220;default&#8220; width=&#8220;auto&#8220; width_tablet=&#8220;&#8220; width_phone=&#8220;&#8220; width_last_edited=&#8220;on|phone&#8220; max_width=&#8220;90%&#8220; max_width_tablet=&#8220;90%&#8220; max_width_phone=&#8220;90%&#8220; max_width_last_edited=&#8220;on|desktop&#8220; global_colors_info=&#8220;{}&#8220;][et_pb_column type=&#8220;2_5&#8243; _builder_version=&#8220;4.19.5&#8243; _module_preset=&#8220;default&#8220; background_image=&#8220;https:\/\/schelle-wassertechnik.de\/de\/wp-content\/uploads\/2022\/08\/Wasserleitung_Beispiel.png&#8220; background_size=&#8220;contain&#8220; global_colors_info=&#8220;{}&#8220;][et_pb_image src=&#8220;https:\/\/schelle-wassertechnik.de\/de\/wp-content\/uploads\/2022\/08\/Wasserleitung_Beispiel.png&#8220; title_text=&#8220;Wasserleitung_Beispiel&#8220; show_in_lightbox=&#8220;on&#8220; disabled_on=&#8220;off|off|on&#8220; _builder_version=&#8220;4.20.4&#8243; _module_preset=&#8220;default&#8220; hover_enabled=&#8220;0&#8243; global_colors_info=&#8220;{}&#8220; sticky_enabled=&#8220;0&#8243;][\/et_pb_image][\/et_pb_column][et_pb_column type=&#8220;3_5&#8243; _builder_version=&#8220;4.17.6&#8243; _module_preset=&#8220;default&#8220; global_colors_info=&#8220;{}&#8220;][et_pb_text _builder_version=&#8220;4.19.5&#8243; text_font=&#8220;Cabin||||||||&#8220; text_text_color=&#8220;rgba(85,101,112,0.8)&#8220; text_font_size=&#8220;16px&#8220; header_font=&#8220;|700|||||||&#8220; header_text_color=&#8220;#212E40&#8243; header_font_size=&#8220;3vw&#8220; header_2_font=&#8220;|700|||||||&#8220; header_2_text_color=&#8220;#000000&#8243; header_2_font_size=&#8220;24px&#8220; header_2_line_height=&#8220;1.2em&#8220; header_3_font=&#8220;Cabin|700||on|||||&#8220; header_3_text_color=&#8220;#bd8f52&#8243; header_3_font_size=&#8220;13px&#8220; header_3_letter_spacing=&#8220;3px&#8220; header_3_line_height=&#8220;1.4em&#8220; max_width=&#8220;36vw&#8220; max_width_tablet=&#8220;90%&#8220; max_width_phone=&#8220;100%&#8220; max_width_last_edited=&#8220;on|tablet&#8220; custom_margin=&#8220;||2vw||false|false&#8220; header_font_size_tablet=&#8220;5vw&#8220; header_font_size_phone=&#8220;7vw&#8220; header_font_size_last_edited=&#8220;on|phone&#8220; header_2_font_size_tablet=&#8220;20px&#8220; header_2_font_size_phone=&#8220;18px&#8220; header_2_font_size_last_edited=&#8220;on|desktop&#8220; locked=&#8220;off&#8220; global_colors_info=&#8220;{}&#8220;]<\/p>\n<h1>Verkalkte Wasserleitungen<\/h1>\n<p>[\/et_pb_text][et_pb_text _builder_version=&#8220;4.20.4&#8243; text_font=&#8220;||||||||&#8220; text_text_color=&#8220;#000000&#8243; text_font_size=&#8220;16px&#8220; text_line_height=&#8220;1.6em&#8220; header_font=&#8220;|700|||||||&#8220; header_text_color=&#8220;#002d4c&#8220; header_font_size=&#8220;10vw&#8220; header_3_font=&#8220;|700||on|||||&#8220; header_3_text_color=&#8220;#212E40&#8243; header_3_font_size=&#8220;13px&#8220; header_3_letter_spacing=&#8220;3px&#8220; header_3_line_height=&#8220;1.4em&#8220; text_orientation=&#8220;justified&#8220; max_width=&#8220;100%&#8220; max_width_tablet=&#8220;100%&#8220; max_width_phone=&#8220;100%&#8220; max_width_last_edited=&#8220;on|desktop&#8220; custom_margin=&#8220;||20px||false|false&#8220; text_font_size_tablet=&#8220;17px&#8220; text_font_size_phone=&#8220;16px&#8220; text_font_size_last_edited=&#8220;on|phone&#8220; text_line_height_tablet=&#8220;1.6em&#8220; text_line_height_phone=&#8220;1.6em&#8220; text_line_height_last_edited=&#8220;on|tablet&#8220; locked=&#8220;off&#8220; global_colors_info=&#8220;{}&#8220;]<\/p>\n<p>Kalk in Trinkwasserleitungen ist vielerorts ein gro\u00dfes Problem f\u00fcr eine einwandfreie Wasserversorgung.<\/p>\n<p>Armaturen und angeschlossene Ger\u00e4te wie Waschmaschinen und Sp\u00fclmaschinen leiden darunter, die Ablagerungen in den Leitungen f\u00fchren zu Querschnittsverengungen und der Wasserdruck l\u00e4sst im Laufe der Zeit nach.<\/p>\n<p>Unerheblich ist dabei der verwendete Leitungswerkstoff, nach unseren Erfahrungen treten Kalkablagerung in Edelstahlrohr ebenso wie in Verzinktem Rohr, Kupferrohr oder Kunststoff(verbund)rohr auf.<\/p>\n<p>Mit unserem <strong>fsw-Sp\u00fclverfahren<\/strong> reinigen wir alle Leitungen von Kalkablagerungen, unabh\u00e4ngig ob im Einfamilien- oder Mehrfamilienhaus und sorgen wieder f\u00fcr normalen Wasserdruck.<\/p>\n<p>Unser Tip: Wenn Sie nachlassenden Wasserdruck feststellen, sollten Sie etwas unternehmen. Je mehr Zeit sie dem Kalk geben, desto aufwendiger wird die Sanierung.<\/p>\n<p>[\/et_pb_text][et_pb_text _builder_version=&#8220;4.18.0&#8243; text_font=&#8220;Cabin||||||||&#8220; text_text_color=&#8220;rgba(85,101,112,0.8)&#8220; text_font_size=&#8220;16px&#8220; header_font=&#8220;|700|||||||&#8220; header_text_color=&#8220;#212E40&#8243; header_font_size=&#8220;3vw&#8220; header_2_font=&#8220;|700|||||||&#8220; header_2_text_color=&#8220;#000000&#8243; header_2_font_size=&#8220;24px&#8220; header_2_line_height=&#8220;1.2em&#8220; header_3_font=&#8220;Cabin|700||on|||||&#8220; header_3_text_color=&#8220;#bd8f52&#8243; header_3_font_size=&#8220;13px&#8220; header_3_letter_spacing=&#8220;3px&#8220; header_3_line_height=&#8220;1.4em&#8220; max_width=&#8220;36vw&#8220; max_width_tablet=&#8220;90%&#8220; max_width_phone=&#8220;100%&#8220; max_width_last_edited=&#8220;on|tablet&#8220; custom_margin=&#8220;2vw||0px||false|false&#8220; header_font_size_tablet=&#8220;5vw&#8220; header_font_size_phone=&#8220;7vw&#8220; header_font_size_last_edited=&#8220;on|phone&#8220; header_2_font_size_tablet=&#8220;20px&#8220; header_2_font_size_phone=&#8220;18px&#8220; header_2_font_size_last_edited=&#8220;on|desktop&#8220; locked=&#8220;off&#8220; global_colors_info=&#8220;{}&#8220;]<\/p>\n<h2>Vorsorgema\u00dfnahmen:<\/h2>\n<p>[\/et_pb_text][et_pb_text _builder_version=&#8220;4.19.5&#8243; text_font=&#8220;||||||||&#8220; text_text_color=&#8220;#000000&#8243; text_font_size=&#8220;16px&#8220; text_line_height=&#8220;1.6em&#8220; header_font=&#8220;|700|||||||&#8220; header_text_color=&#8220;#002d4c&#8220; header_font_size=&#8220;10vw&#8220; header_3_font=&#8220;|700||on|||||&#8220; header_3_text_color=&#8220;#212E40&#8243; header_3_font_size=&#8220;13px&#8220; header_3_letter_spacing=&#8220;3px&#8220; header_3_line_height=&#8220;1.4em&#8220; text_orientation=&#8220;justified&#8220; max_width=&#8220;100%&#8220; max_width_tablet=&#8220;100%&#8220; max_width_phone=&#8220;100%&#8220; max_width_last_edited=&#8220;on|desktop&#8220; custom_margin=&#8220;||20px||false|false&#8220; text_font_size_tablet=&#8220;17px&#8220; text_font_size_phone=&#8220;16px&#8220; text_font_size_last_edited=&#8220;on|phone&#8220; text_line_height_tablet=&#8220;1.6em&#8220; text_line_height_phone=&#8220;1.6em&#8220; text_line_height_last_edited=&#8220;on|tablet&#8220; locked=&#8220;off&#8220; global_colors_info=&#8220;{}&#8220;]<\/p>\n<p>Um Ihre wertvollen Anlagen auch in Zukunft in einem funktionsf\u00e4higen Zustand zu erhalten, ist nach der Sp\u00fclung der gezielte und fachm\u00e4nnische Einsatz von Wasseraufbereitungsanlagen sinnvoll.<\/p>\n<p>[\/et_pb_text][\/et_pb_column][\/et_pb_row][\/et_pb_section]<\/p>\n","protected":false},"excerpt":{"rendered":"<p>Saubere Heizkreisl\u00e4ufeHeizungsanlagen sind wasserdicht, aber nicht gasdicht, deshalb kann Sauerstoff in die Heizungssysteme eindringen. Sauerstoff beschleunigt Korrosionsvorg\u00e4nge, die zu Rostschlamm und Gaspolstern f\u00fchren. Die Folge k\u00f6nnen verschlammte Fu\u00dfbodenkreisl\u00e4ufe, blockierte Umw\u00e4lzpumpen, defekte Thermostat- und Regelventile sowie eine verminderte Heizleistung sein. Die fsw-Speicher- und Heizungs-Sp\u00fcltechnik ist eine Kombinationssp\u00fclung bestehend aus einem Luft-Wasser-Gemisch und Mineralwirkstoffen. Dadurch werden in Heizungssystemen Rostschl\u00e4mme abgebaut und die Heizkreise freigesp\u00fclt.Ihre Vorteile: Anstieg der Heizleistung Energie wird gespart und damit auch die Umwelt geschont Verkalkte WasserleitungenKalk in Trinkwasserleitungen ist vielerorts ein gro\u00dfes Problem f\u00fcr eine einwandfreie Wasserversorgung. Armaturen und angeschlossene Ger\u00e4te wie Waschmaschinen und Sp\u00fclmaschinen leiden darunter, die Ablagerungen in den Leitungen f\u00fchren zu Querschnittsverengungen und der Wasserdruck l\u00e4sst im Laufe der Zeit nach. Unerheblich ist dabei der verwendete Leitungswerkstoff, nach unseren Erfahrungen treten Kalkablagerung in Edelstahlrohr ebenso wie in Verzinktem Rohr, Kupferrohr oder Kunststoff(verbund)rohr auf. Mit unserem fsw-Sp\u00fclverfahren reinigen wir alle Leitungen von Kalkablagerungen, unabh\u00e4ngig ob im Einfamilien- oder Mehrfamilienhaus und sorgen wieder f\u00fcr normalen Wasserdruck. Unser Tip: Wenn Sie nachlassenden Wasserdruck feststellen, sollten Sie etwas unternehmen. Je mehr Zeit sie dem Kalk geben, desto aufwendiger wird die Sanierung.Vorsorgema\u00dfnahmen:Um Ihre wertvollen Anlagen auch in Zukunft in einem funktionsf\u00e4higen Zustand zu erhalten, ist nach der Sp\u00fclung der gezielte und [&hellip;]<\/p>\n","protected":false},"author":1,"featured_media":0,"parent":0,"menu_order":0,"comment_status":"closed","ping_status":"closed","template":"","meta":{"_et_pb_use_builder":"on","_et_pb_old_content":"","_et_gb_content_width":"","footnotes":""},"class_list":["post-230729","page","type-page","status-publish","hentry"],"_links":{"self":[{"href":"https:\/\/schelle-wassertechnik.de\/de\/wp-json\/wp\/v2\/pages\/230729","targetHints":{"allow":["GET"]}}],"collection":[{"href":"https:\/\/schelle-wassertechnik.de\/de\/wp-json\/wp\/v2\/pages"}],"about":[{"href":"https:\/\/schelle-wassertechnik.de\/de\/wp-json\/wp\/v2\/types\/page"}],"author":[{"embeddable":true,"href":"https:\/\/schelle-wassertechnik.de\/de\/wp-json\/wp\/v2\/users\/1"}],"replies":[{"embeddable":true,"href":"https:\/\/schelle-wassertechnik.de\/de\/wp-json\/wp\/v2\/comments?post=230729"}],"version-history":[{"count":10,"href":"https:\/\/schelle-wassertechnik.de\/de\/wp-json\/wp\/v2\/pages\/230729\/revisions"}],"predecessor-version":[{"id":230876,"href":"https:\/\/schelle-wassertechnik.de\/de\/wp-json\/wp\/v2\/pages\/230729\/revisions\/230876"}],"wp:attachment":[{"href":"https:\/\/schelle-wassertechnik.de\/de\/wp-json\/wp\/v2\/media?parent=230729"}],"curies":[{"name":"wp","href":"https:\/\/api.w.org\/{rel}","templated":true}]}}