{"id":230772,"date":"2022-10-15T10:04:01","date_gmt":"2022-10-15T08:04:01","guid":{"rendered":"https:\/\/schelle-wassertechnik.de\/de\/?page_id=230772"},"modified":"2023-02-12T12:52:35","modified_gmt":"2023-02-12T11:52:35","slug":"ueber-uns","status":"publish","type":"page","link":"https:\/\/schelle-wassertechnik.de\/de\/ueber-uns\/","title":{"rendered":"\u00dcber uns"},"content":{"rendered":"<p>[et_pb_section fb_built=&#8220;1&#8243; custom_padding_last_edited=&#8220;on|phone&#8220; next_background_color=&#8220;#212E40&#8243; _builder_version=&#8220;4.18.0&#8243; _module_preset=&#8220;default&#8220; background_image=&#8220;https:\/\/schelle-wassertechnik.de\/de\/wp-content\/uploads\/2022\/07\/Back1.svg&#8220; custom_margin=&#8220;0px|0px|0px|0px|false|false&#8220; custom_padding=&#8220;50px|0px|0px|0px|false|false&#8220; custom_padding_tablet=&#8220;50px|0px|0px|0px|false|false&#8220; custom_padding_phone=&#8220;0px|0px|0px|0px|false|false&#8220; bottom_divider_style=&#8220;waves2&#8243; background_color_tablet=&#8220;#212E40&#8243; background_color_phone=&#8220;#212E40&#8243; background_last_edited=&#8220;on|tablet&#8220; background_enable_color_tablet=&#8220;on&#8220; background_enable_color_phone=&#8220;on&#8220; background_enable_image_tablet=&#8220;off&#8220; background_enable_image_phone=&#8220;off&#8220; global_colors_info=&#8220;{}&#8220;][et_pb_row column_structure=&#8220;1_5,1_5,3_5&#8243; use_custom_gutter=&#8220;on&#8220; gutter_width=&#8220;1&#8243; disabled_on=&#8220;off|off|off&#8220; _builder_version=&#8220;4.18.0&#8243; _module_preset=&#8220;default&#8220; width=&#8220;auto&#8220; width_tablet=&#8220;&#8220; width_phone=&#8220;&#8220; width_last_edited=&#8220;on|phone&#8220; max_width=&#8220;90%&#8220; max_width_tablet=&#8220;90%&#8220; max_width_phone=&#8220;90%&#8220; max_width_last_edited=&#8220;on|desktop&#8220; global_colors_info=&#8220;{}&#8220;][et_pb_column type=&#8220;1_5&#8243; _builder_version=&#8220;4.18.0&#8243; _module_preset=&#8220;default&#8220; background_enable_image=&#8220;off&#8220; border_radii=&#8220;off||||&#8220; border_color_all=&#8220;RGBA(255,255,255,0)&#8220; border_radii_tablet=&#8220;off|50px|50px||&#8220; border_radii_phone=&#8220;off|50px|50px||&#8220; border_radii_last_edited=&#8220;on|tablet&#8220; box_shadow_style=&#8220;preset3&#8243; box_shadow_spread=&#8220;-32px&#8220; box_shadow_color=&#8220;rgba(0,0,0,0)&#8220; global_colors_info=&#8220;{}&#8220; use_background_color_gradient__hover=&#8220;off&#8220; background__hover_enabled=&#8220;off|desktop&#8220; background_color_gradient_stops__hover=&#8220;#4f4f4f 0%|rgba(31,31,38,0.88) 100%&#8220; background_color_gradient_start__hover=&#8220;#4f4f4f&#8220; background_color_gradient_end__hover=&#8220;rgba(31,31,38,0.88)&#8220; filter_saturate__hover=&#8220;100%&#8220; filter_saturate__hover_enabled=&#8220;off|desktop&#8220; box_shadow_color__hover=&#8220;rgba(0,0,0,0.56)&#8220; box_shadow_color__hover_enabled=&#8220;off|desktop&#8220; transform_styles__hover_enabled=&#8220;off|desktop&#8220; transform_scale__hover=&#8220;108%|108%&#8220; transform_scale__hover_enabled=&#8220;off|desktop&#8220; transform_translate__hover_enabled=&#8220;off|desktop&#8220; transform_rotate__hover_enabled=&#8220;off|desktop&#8220; transform_skew__hover_enabled=&#8220;off|desktop&#8220; transform_origin__hover_enabled=&#8220;off|desktop&#8220; box_shadow_vertical__hover=&#8220;64px&#8220; box_shadow_vertical__hover_enabled=&#8220;off|hover&#8220; box_shadow_blur__hover=&#8220;64px&#8220; box_shadow_blur__hover_enabled=&#8220;off|desktop&#8220; z_index__hover=&#8220;20&#8243; z_index__hover_enabled=&#8220;on|desktop&#8220;][\/et_pb_column][et_pb_column type=&#8220;1_5&#8243; _builder_version=&#8220;4.18.0&#8243; _module_preset=&#8220;default&#8220; background_enable_image=&#8220;off&#8220; border_radii=&#8220;off||||&#8220; border_color_all=&#8220;RGBA(255,255,255,0)&#8220; border_radii_tablet=&#8220;off||0px||&#8220; border_radii_phone=&#8220;off||0px||&#8220; border_radii_last_edited=&#8220;on|tablet&#8220; box_shadow_style=&#8220;preset3&#8243; box_shadow_spread=&#8220;-32px&#8220; box_shadow_color=&#8220;rgba(0,0,0,0)&#8220; global_colors_info=&#8220;{}&#8220; use_background_color_gradient__hover=&#8220;off&#8220; background__hover_enabled=&#8220;off|desktop&#8220; background_color_gradient_stops__hover=&#8220;#4f4f4f 0%|rgba(31,31,38,0.88) 100%&#8220; background_color_gradient_start__hover=&#8220;#4f4f4f&#8220; background_color_gradient_end__hover=&#8220;rgba(31,31,38,0.88)&#8220; filter_saturate__hover=&#8220;100%&#8220; filter_saturate__hover_enabled=&#8220;off|desktop&#8220; box_shadow_color__hover=&#8220;rgba(0,0,0,0.56)&#8220; box_shadow_color__hover_enabled=&#8220;off|desktop&#8220; transform_styles__hover_enabled=&#8220;off|desktop&#8220; box_shadow_vertical__hover=&#8220;64px&#8220; box_shadow_vertical__hover_enabled=&#8220;off|desktop&#8220; box_shadow_blur__hover=&#8220;64px&#8220; box_shadow_blur__hover_enabled=&#8220;off|desktop&#8220; transform_scale__hover=&#8220;108%|108%&#8220; transform_scale__hover_enabled=&#8220;off|desktop&#8220; transform_translate__hover_enabled=&#8220;off|desktop&#8220; transform_rotate__hover_enabled=&#8220;off|desktop&#8220; transform_skew__hover_enabled=&#8220;off|desktop&#8220; transform_origin__hover_enabled=&#8220;off|desktop&#8220; z_index__hover=&#8220;20&#8243; z_index__hover_enabled=&#8220;on|desktop&#8220;][\/et_pb_column][et_pb_column type=&#8220;3_5&#8243; _builder_version=&#8220;4.18.0&#8243; _module_preset=&#8220;default&#8220; custom_padding=&#8220;|10px||50px|false|false&#8220; custom_padding_tablet=&#8220;|||20px|false|false&#8220; custom_padding_phone=&#8220;|10px||10px|false|false&#8220; custom_padding_last_edited=&#8220;on|tablet&#8220; global_colors_info=&#8220;{}&#8220;][et_pb_text _builder_version=&#8220;4.19.5&#8243; text_font=&#8220;||||||||&#8220; text_text_color=&#8220;rgba(85,101,112,0.8)&#8220; text_font_size=&#8220;16px&#8220; header_font=&#8220;|700|||||||&#8220; header_text_color=&#8220;#FFFFFF&#8220; header_font_size=&#8220;28px&#8220; header_line_height=&#8220;1.2em&#8220; header_2_font=&#8220;|700|||||||&#8220; header_2_text_color=&#8220;#FFFFFF&#8220; header_2_font_size=&#8220;16px&#8220; header_2_line_height=&#8220;1.4em&#8220; header_3_font=&#8220;Cabin|700||on|||||&#8220; header_3_text_color=&#8220;#bd8f52&#8243; header_3_font_size=&#8220;13px&#8220; header_3_letter_spacing=&#8220;3px&#8220; header_3_line_height=&#8220;1.4em&#8220; max_width=&#8220;100%&#8220; max_width_tablet=&#8220;90%&#8220; max_width_phone=&#8220;100%&#8220; max_width_last_edited=&#8220;on|tablet&#8220; custom_margin=&#8220;||2vw||false|false&#8220; hover_enabled=&#8220;0&#8243; header_font_size_tablet=&#8220;5vw&#8220; header_font_size_phone=&#8220;7vw&#8220; header_font_size_last_edited=&#8220;on|phone&#8220; header_2_font_size_tablet=&#8220;20px&#8220; header_2_font_size_phone=&#8220;18px&#8220; header_2_font_size_last_edited=&#8220;on|desktop&#8220; locked=&#8220;off&#8220; global_colors_info=&#8220;{}&#8220; sticky_enabled=&#8220;0&#8243;]<\/p>\n<h1>FSW &#8211; Fritz Schelle Wassertechnik<\/h1>\n<h2>Oder auch: FSW &#8211; F\u00fcr sauberes Wasser !<\/h2>\n<p>[\/et_pb_text][et_pb_text _builder_version=&#8220;4.19.5&#8243; text_font=&#8220;||||||||&#8220; text_text_color=&#8220;#FFFFFF&#8220; text_font_size=&#8220;16px&#8220; text_line_height=&#8220;1.6em&#8220; header_font=&#8220;|700|||||||&#8220; header_text_color=&#8220;#002d4c&#8220; header_font_size=&#8220;10vw&#8220; header_3_font=&#8220;|700||on|||||&#8220; header_3_text_color=&#8220;#212E40&#8243; header_3_font_size=&#8220;13px&#8220; header_3_letter_spacing=&#8220;3px&#8220; header_3_line_height=&#8220;1.4em&#8220; text_orientation=&#8220;justified&#8220; max_width=&#8220;100%&#8220; max_width_tablet=&#8220;100%&#8220; max_width_phone=&#8220;100%&#8220; max_width_last_edited=&#8220;on|desktop&#8220; custom_margin=&#8220;||20px||false|false&#8220; hover_enabled=&#8220;0&#8243; text_font_size_tablet=&#8220;17px&#8220; text_font_size_phone=&#8220;16px&#8220; text_font_size_last_edited=&#8220;on|phone&#8220; text_line_height_tablet=&#8220;1.6em&#8220; text_line_height_phone=&#8220;1.6em&#8220; text_line_height_last_edited=&#8220;on|tablet&#8220; locked=&#8220;off&#8220; global_colors_info=&#8220;{}&#8220; sticky_enabled=&#8220;0&#8243;]<\/p>\n<p>Vor \u00fcber 40 Jahren hat Firmengr\u00fcnder Fritz Schelle sich diesem Motto verschrieben und hat damit begonnen, L\u00f6sungen \u201eF\u00fcr sauberes Wasser\u201c zu entwickeln und zu realisieren.<br \/>Diese langj\u00e4hrige Erfahrung in Verbindung mit unserer Zuverl\u00e4ssigkeit und unserem flexiblen Service hat uns \u00fcber die Jahre zu einem kompetenten Partner bei Endkunden und Hausverwaltungen im gesamten Bundesgebiet werden lassen.<\/p>\n<p><strong>Die Schwerpunkte unserer heutigen Arbeit sind:<\/strong><\/p>\n<ul>\n<li>Rohrinnensanierung, z.B. bei Braunf\u00e4rbung des Wassers, Querschnittsverengung und Kalkproblemen<\/li>\n<li>Desinfektion von Leitungssystemen nach Reparatur oder bei Keim- und Legionellenproblemen<\/li>\n<li>Sp\u00fclung von Fussbodenheizungen<\/li>\n<li>Abdichten von Trinkwasser- und Heizungsleitungen ohne Aufstemmen der W\u00e4nde oder des Bodens<\/li>\n<li>Legionellenbeprobung vor Ort<\/li>\n<li>Installation und Wartung von Wasseraufbereitungs-, Dosier- und Entkalkungsanlagen, Filtern etc.<\/li>\n<\/ul>\n<p><strong><\/strong><\/p>\n<p><strong><\/strong><\/p>\n<p><strong>Rufen Sie uns an \u2013 wir beraten auch Sie gerne !<\/strong><\/p>\n<p>[\/et_pb_text][\/et_pb_column][\/et_pb_row][\/et_pb_section]<\/p>\n","protected":false},"excerpt":{"rendered":"<p>FSW &#8211; Fritz Schelle Wassertechnik Oder auch: FSW &#8211; F\u00fcr sauberes Wasser !Vor \u00fcber 40 Jahren hat Firmengr\u00fcnder Fritz Schelle sich diesem Motto verschrieben und hat damit begonnen, L\u00f6sungen \u201eF\u00fcr sauberes Wasser\u201c zu entwickeln und zu realisieren.Diese langj\u00e4hrige Erfahrung in Verbindung mit unserer Zuverl\u00e4ssigkeit und unserem flexiblen Service hat uns \u00fcber die Jahre zu einem kompetenten Partner bei Endkunden und Hausverwaltungen im gesamten Bundesgebiet werden lassen. Die Schwerpunkte unserer heutigen Arbeit sind: Rohrinnensanierung, z.B. bei Braunf\u00e4rbung des Wassers, Querschnittsverengung und Kalkproblemen Desinfektion von Leitungssystemen nach Reparatur oder bei Keim- und Legionellenproblemen Sp\u00fclung von Fussbodenheizungen Abdichten von Trinkwasser- und Heizungsleitungen ohne Aufstemmen der W\u00e4nde oder des Bodens Legionellenbeprobung vor Ort Installation und Wartung von Wasseraufbereitungs-, Dosier- und Entkalkungsanlagen, Filtern etc. Rufen Sie uns an \u2013 wir beraten auch Sie gerne !<\/p>\n","protected":false},"author":1,"featured_media":0,"parent":0,"menu_order":0,"comment_status":"closed","ping_status":"closed","template":"","meta":{"_et_pb_use_builder":"on","_et_pb_old_content":"","_et_gb_content_width":"","footnotes":""},"class_list":["post-230772","page","type-page","status-publish","hentry"],"_links":{"self":[{"href":"https:\/\/schelle-wassertechnik.de\/de\/wp-json\/wp\/v2\/pages\/230772","targetHints":{"allow":["GET"]}}],"collection":[{"href":"https:\/\/schelle-wassertechnik.de\/de\/wp-json\/wp\/v2\/pages"}],"about":[{"href":"https:\/\/schelle-wassertechnik.de\/de\/wp-json\/wp\/v2\/types\/page"}],"author":[{"embeddable":true,"href":"https:\/\/schelle-wassertechnik.de\/de\/wp-json\/wp\/v2\/users\/1"}],"replies":[{"embeddable":true,"href":"https:\/\/schelle-wassertechnik.de\/de\/wp-json\/wp\/v2\/comments?post=230772"}],"version-history":[{"count":5,"href":"https:\/\/schelle-wassertechnik.de\/de\/wp-json\/wp\/v2\/pages\/230772\/revisions"}],"predecessor-version":[{"id":230845,"href":"https:\/\/schelle-wassertechnik.de\/de\/wp-json\/wp\/v2\/pages\/230772\/revisions\/230845"}],"wp:attachment":[{"href":"https:\/\/schelle-wassertechnik.de\/de\/wp-json\/wp\/v2\/media?parent=230772"}],"curies":[{"name":"wp","href":"https:\/\/api.w.org\/{rel}","templated":true}]}}