{"id":230837,"date":"2023-02-12T12:45:37","date_gmt":"2023-02-12T11:45:37","guid":{"rendered":"https:\/\/schelle-wassertechnik.de\/de\/?page_id=230837"},"modified":"2023-04-15T13:31:10","modified_gmt":"2023-04-15T11:31:10","slug":"abdichtung-von-rohrleitungen","status":"publish","type":"page","link":"https:\/\/schelle-wassertechnik.de\/de\/abdichtung-von-rohrleitungen\/","title":{"rendered":"Abdichtung von Rohrleitungen"},"content":{"rendered":"<p>[et_pb_section fb_built=&#8220;1&#8243; custom_padding_last_edited=&#8220;on|phone&#8220; _builder_version=&#8220;4.18.0&#8243; _module_preset=&#8220;default&#8220; custom_margin=&#8220;0px|0px|0px|0px|false|false&#8220; custom_padding=&#8220;50px|0px|0px|0px|false|false&#8220; custom_padding_tablet=&#8220;50px|0px|0px|0px|false|false&#8220; custom_padding_phone=&#8220;0px|0px|0px|0px|false|false&#8220; global_colors_info=&#8220;{}&#8220;][et_pb_row column_structure=&#8220;2_5,3_5&#8243; _builder_version=&#8220;4.17.6&#8243; _module_preset=&#8220;default&#8220; width=&#8220;auto&#8220; width_tablet=&#8220;&#8220; width_phone=&#8220;&#8220; width_last_edited=&#8220;on|phone&#8220; max_width=&#8220;90%&#8220; max_width_tablet=&#8220;90%&#8220; max_width_phone=&#8220;90%&#8220; max_width_last_edited=&#8220;on|desktop&#8220; global_colors_info=&#8220;{}&#8220;][et_pb_column type=&#8220;2_5&#8243; _builder_version=&#8220;4.17.6&#8243; _module_preset=&#8220;default&#8220; global_colors_info=&#8220;{}&#8220;][et_pb_image src=&#8220;https:\/\/schelle-wassertechnik.de\/de\/wp-content\/uploads\/2023\/04\/damaged-steel-pipe-in-bathroom-on-grey-background-2022-12-16-18-47-22-utc_web.jpg&#8220; title_text=&#8220;Damaged steel pipe in bathroom on grey background&#8220; _builder_version=&#8220;4.20.4&#8243; _module_preset=&#8220;default&#8220; width_tablet=&#8220;auto&#8220; width_phone=&#8220;50%&#8220; width_last_edited=&#8220;off|phone&#8220; custom_margin=&#8220;130px||||false|false&#8220; custom_margin_tablet=&#8220;0px||||false|false&#8220; custom_margin_phone=&#8220;0px||||false|false&#8220; custom_margin_last_edited=&#8220;on|phone&#8220; hover_enabled=&#8220;0&#8243; global_colors_info=&#8220;{}&#8220; show_in_lightbox=&#8220;on&#8220; sticky_enabled=&#8220;0&#8243;][\/et_pb_image][\/et_pb_column][et_pb_column type=&#8220;3_5&#8243; _builder_version=&#8220;4.17.6&#8243; _module_preset=&#8220;default&#8220; global_colors_info=&#8220;{}&#8220;][et_pb_text _builder_version=&#8220;4.19.5&#8243; text_font=&#8220;Cabin||||||||&#8220; text_text_color=&#8220;rgba(85,101,112,0.8)&#8220; text_font_size=&#8220;16px&#8220; header_font=&#8220;|700|||||||&#8220; header_text_color=&#8220;#212E40&#8243; header_font_size=&#8220;3vw&#8220; header_2_font=&#8220;|700|||||||&#8220; header_2_text_color=&#8220;#000000&#8243; header_2_font_size=&#8220;24px&#8220; header_2_line_height=&#8220;1.2em&#8220; header_3_font=&#8220;Cabin|700||on|||||&#8220; header_3_text_color=&#8220;#bd8f52&#8243; header_3_font_size=&#8220;13px&#8220; header_3_letter_spacing=&#8220;3px&#8220; header_3_line_height=&#8220;1.4em&#8220; max_width=&#8220;36vw&#8220; max_width_tablet=&#8220;90%&#8220; max_width_phone=&#8220;100%&#8220; max_width_last_edited=&#8220;on|tablet&#8220; custom_margin=&#8220;||2vw||false|false&#8220; header_font_size_tablet=&#8220;5vw&#8220; header_font_size_phone=&#8220;7vw&#8220; header_font_size_last_edited=&#8220;on|phone&#8220; header_2_font_size_tablet=&#8220;20px&#8220; header_2_font_size_phone=&#8220;18px&#8220; header_2_font_size_last_edited=&#8220;on|desktop&#8220; locked=&#8220;off&#8220; global_colors_info=&#8220;{}&#8220;]<\/p>\n<h1>Abdichtung von Rohrleitungen<\/h1>\n<p>[\/et_pb_text][et_pb_text _builder_version=&#8220;4.20.4&#8243; text_font=&#8220;||||||||&#8220; text_text_color=&#8220;#000000&#8243; text_font_size=&#8220;16px&#8220; text_line_height=&#8220;1.6em&#8220; header_font=&#8220;|700|||||||&#8220; header_text_color=&#8220;#002d4c&#8220; header_font_size=&#8220;10vw&#8220; header_3_font=&#8220;|700||on|||||&#8220; header_3_text_color=&#8220;#212E40&#8243; header_3_font_size=&#8220;13px&#8220; header_3_letter_spacing=&#8220;3px&#8220; header_3_line_height=&#8220;1.4em&#8220; text_orientation=&#8220;justified&#8220; max_width=&#8220;100%&#8220; max_width_tablet=&#8220;100%&#8220; max_width_phone=&#8220;100%&#8220; max_width_last_edited=&#8220;on|desktop&#8220; custom_margin=&#8220;||20px||false|false&#8220; text_font_size_tablet=&#8220;17px&#8220; text_font_size_phone=&#8220;16px&#8220; text_font_size_last_edited=&#8220;on|phone&#8220; text_line_height_tablet=&#8220;1.6em&#8220; text_line_height_phone=&#8220;1.6em&#8220; text_line_height_last_edited=&#8220;on|tablet&#8220; locked=&#8220;off&#8220; global_colors_info=&#8220;{}&#8220;]<\/p>\n<p>Leider kommt es immer wieder vor dass Leitungen undicht werden.<\/p>\n<p>Auch hier gibt es die unterschiedlichsten Gr\u00fcnde, angefangen von Montagefehlern, Lochfrass bei Kupfer und Stahl, mechanische Besch\u00e4digungen oder klassische Erm\u00fcdungserscheinungen.<\/p>\n<p>Bevor Sie die Wand aufschlagen oder den \u201ePresslufthammer\u201c auspacken sollten Sie uns anrufen.<\/p>\n<p>Wir haben ein sehr gutes System um Leckagen \u201eunter Putz\u201c, also im eingebauten Zustand verschlie\u00dfen zu k\u00f6nnen.<\/p>\n<p>Das System kann in <a href=\"https:\/\/schelle-wassertechnik.de\/de\/heizungsleitungen\/\">Heizungsleitungen<\/a> und Trinkwasserleitungen eingesetzt werden.<\/p>\n<p>Somit bleibt Ihnen viel Schmutz und \u00c4rger erspart.<\/p>\n<p>[\/et_pb_text][\/et_pb_column][\/et_pb_row][\/et_pb_section]<\/p>\n","protected":false},"excerpt":{"rendered":"<p>Abdichtung von RohrleitungenLeider kommt es immer wieder vor dass Leitungen undicht werden. Auch hier gibt es die unterschiedlichsten Gr\u00fcnde, angefangen von Montagefehlern, Lochfrass bei Kupfer und Stahl, mechanische Besch\u00e4digungen oder klassische Erm\u00fcdungserscheinungen. Bevor Sie die Wand aufschlagen oder den \u201ePresslufthammer\u201c auspacken sollten Sie uns anrufen. Wir haben ein sehr gutes System um Leckagen \u201eunter Putz\u201c, also im eingebauten Zustand verschlie\u00dfen zu k\u00f6nnen. Das System kann in Heizungsleitungen und Trinkwasserleitungen eingesetzt werden. Somit bleibt Ihnen viel Schmutz und \u00c4rger erspart.<\/p>\n","protected":false},"author":1,"featured_media":0,"parent":0,"menu_order":0,"comment_status":"closed","ping_status":"closed","template":"","meta":{"_et_pb_use_builder":"on","_et_pb_old_content":"","_et_gb_content_width":"","footnotes":""},"class_list":["post-230837","page","type-page","status-publish","hentry"],"_links":{"self":[{"href":"https:\/\/schelle-wassertechnik.de\/de\/wp-json\/wp\/v2\/pages\/230837","targetHints":{"allow":["GET"]}}],"collection":[{"href":"https:\/\/schelle-wassertechnik.de\/de\/wp-json\/wp\/v2\/pages"}],"about":[{"href":"https:\/\/schelle-wassertechnik.de\/de\/wp-json\/wp\/v2\/types\/page"}],"author":[{"embeddable":true,"href":"https:\/\/schelle-wassertechnik.de\/de\/wp-json\/wp\/v2\/users\/1"}],"replies":[{"embeddable":true,"href":"https:\/\/schelle-wassertechnik.de\/de\/wp-json\/wp\/v2\/comments?post=230837"}],"version-history":[{"count":8,"href":"https:\/\/schelle-wassertechnik.de\/de\/wp-json\/wp\/v2\/pages\/230837\/revisions"}],"predecessor-version":[{"id":230885,"href":"https:\/\/schelle-wassertechnik.de\/de\/wp-json\/wp\/v2\/pages\/230837\/revisions\/230885"}],"wp:attachment":[{"href":"https:\/\/schelle-wassertechnik.de\/de\/wp-json\/wp\/v2\/media?parent=230837"}],"curies":[{"name":"wp","href":"https:\/\/api.w.org\/{rel}","templated":true}]}}