{"id":230853,"date":"2023-02-12T13:12:28","date_gmt":"2023-02-12T12:12:28","guid":{"rendered":"https:\/\/schelle-wassertechnik.de\/de\/?page_id=230853"},"modified":"2023-02-12T13:12:28","modified_gmt":"2023-02-12T12:12:28","slug":"heizungsleitungen","status":"publish","type":"page","link":"https:\/\/schelle-wassertechnik.de\/de\/heizungsleitungen\/","title":{"rendered":"Heizungsleitungen"},"content":{"rendered":"<p>[et_pb_section fb_built=&#8220;1&#8243; custom_padding_last_edited=&#8220;on|phone&#8220; disabled_on=&#8220;off|off|off&#8220; _builder_version=&#8220;4.19.5&#8243; _module_preset=&#8220;default&#8220; custom_margin=&#8220;0px|0px|0px|0px|false|false&#8220; custom_padding=&#8220;50px|0px|0px|0px|false|false&#8220; custom_padding_tablet=&#8220;50px|0px|0px|0px|false|false&#8220; custom_padding_phone=&#8220;0px|0px|0px|0px|false|false&#8220; hover_enabled=&#8220;0&#8243; global_colors_info=&#8220;{}&#8220; sticky_enabled=&#8220;0&#8243;][et_pb_row column_structure=&#8220;2_5,3_5&#8243; make_equal=&#8220;on&#8220; _builder_version=&#8220;4.18.0&#8243; _module_preset=&#8220;default&#8220; width=&#8220;auto&#8220; width_tablet=&#8220;&#8220; width_phone=&#8220;&#8220; width_last_edited=&#8220;on|phone&#8220; max_width=&#8220;90%&#8220; max_width_tablet=&#8220;90%&#8220; max_width_phone=&#8220;90%&#8220; max_width_last_edited=&#8220;on|desktop&#8220; global_colors_info=&#8220;{}&#8220;][et_pb_column type=&#8220;2_5&#8243; _builder_version=&#8220;4.18.0&#8243; _module_preset=&#8220;default&#8220; background_color=&#8220;RGBA(255,255,255,0)&#8220; background_image=&#8220;https:\/\/schelle-wassertechnik.de\/de\/wp-content\/uploads\/2022\/03\/underfloor-surface-heating-pipes-low-temperature-2021-08-26-17-11-19-utc.jpg&#8220; background_enable_mask_style=&#8220;on&#8220; background_mask_style=&#8220;arch&#8220; background_mask_transform=&#8220;invert&#8220; background_mask_size=&#8220;cover&#8220; background_mask_position=&#8220;top_left&#8220; filter_hue_rotate=&#8220;190deg&#8220; global_colors_info=&#8220;{}&#8220;][\/et_pb_column][et_pb_column type=&#8220;3_5&#8243; _builder_version=&#8220;4.17.6&#8243; _module_preset=&#8220;default&#8220; global_colors_info=&#8220;{}&#8220;][et_pb_text _builder_version=&#8220;4.18.0&#8243; text_font=&#8220;Cabin||||||||&#8220; text_text_color=&#8220;rgba(85,101,112,0.8)&#8220; text_font_size=&#8220;16px&#8220; header_font=&#8220;|700|||||||&#8220; header_text_color=&#8220;#212E40&#8243; header_font_size=&#8220;3vw&#8220; header_2_font=&#8220;|700|||||||&#8220; header_2_text_color=&#8220;#000000&#8243; header_2_font_size=&#8220;24px&#8220; header_2_line_height=&#8220;1.2em&#8220; header_3_font=&#8220;Cabin|700||on|||||&#8220; header_3_text_color=&#8220;#bd8f52&#8243; header_3_font_size=&#8220;13px&#8220; header_3_letter_spacing=&#8220;3px&#8220; header_3_line_height=&#8220;1.4em&#8220; max_width=&#8220;36vw&#8220; max_width_tablet=&#8220;90%&#8220; max_width_phone=&#8220;100%&#8220; max_width_last_edited=&#8220;on|tablet&#8220; custom_margin=&#8220;||2vw||false|false&#8220; header_font_size_tablet=&#8220;5vw&#8220; header_font_size_phone=&#8220;7vw&#8220; header_font_size_last_edited=&#8220;on|phone&#8220; header_2_font_size_tablet=&#8220;20px&#8220; header_2_font_size_phone=&#8220;18px&#8220; header_2_font_size_last_edited=&#8220;on|desktop&#8220; locked=&#8220;off&#8220; global_colors_info=&#8220;{}&#8220;]<\/p>\n<h1>Saubere Heizkreisl\u00e4ufe<\/h1>\n<p>[\/et_pb_text][et_pb_text _builder_version=&#8220;4.18.0&#8243; text_font=&#8220;||||||||&#8220; text_text_color=&#8220;#000000&#8243; text_font_size=&#8220;16px&#8220; text_line_height=&#8220;1.6em&#8220; header_font=&#8220;|700|||||||&#8220; header_text_color=&#8220;#002d4c&#8220; header_font_size=&#8220;10vw&#8220; header_3_font=&#8220;|700||on|||||&#8220; header_3_text_color=&#8220;#212E40&#8243; header_3_font_size=&#8220;13px&#8220; header_3_letter_spacing=&#8220;3px&#8220; header_3_line_height=&#8220;1.4em&#8220; text_orientation=&#8220;justified&#8220; max_width=&#8220;100%&#8220; max_width_tablet=&#8220;100%&#8220; max_width_phone=&#8220;100%&#8220; max_width_last_edited=&#8220;on|desktop&#8220; custom_margin=&#8220;||20px||false|false&#8220; text_font_size_tablet=&#8220;17px&#8220; text_font_size_phone=&#8220;16px&#8220; text_font_size_last_edited=&#8220;on|phone&#8220; text_line_height_tablet=&#8220;1.6em&#8220; text_line_height_phone=&#8220;1.6em&#8220; text_line_height_last_edited=&#8220;on|tablet&#8220; locked=&#8220;off&#8220; global_colors_info=&#8220;{}&#8220;]<\/p>\n<p>Heizungsanlagen sind wasserdicht, aber nicht gasdicht, deshalb kann Sauerstoff in die Heizungssysteme eindringen. Sauerstoff beschleunigt Korrosionsvorg\u00e4nge, die zu Rostschlamm und Gaspolstern f\u00fchren.<\/p>\n<p>Die Folge k\u00f6nnen verschlammte Fu\u00dfbodenkreisl\u00e4ufe, blockierte Umw\u00e4lzpumpen, defekte Thermostat- und Regelventile sowie eine verminderte Heizleistung sein.<\/p>\n<p>Die <strong>fsw-Speicher- und Heizungs-Sp\u00fcltechnik<\/strong> ist eine Kombinationssp\u00fclung bestehend aus einem Luft-Wasser-Gemisch und Mineralwirkstoffen. Dadurch werden in Heizungssystemen Rostschl\u00e4mme abgebaut und die Heizkreise freigesp\u00fclt.<\/p>\n<p>[\/et_pb_text][et_pb_text _builder_version=&#8220;4.18.0&#8243; text_font=&#8220;Cabin||||||||&#8220; text_text_color=&#8220;rgba(85,101,112,0.8)&#8220; text_font_size=&#8220;16px&#8220; header_font=&#8220;|700|||||||&#8220; header_text_color=&#8220;#212E40&#8243; header_font_size=&#8220;3vw&#8220; header_2_font=&#8220;|700|||||||&#8220; header_2_text_color=&#8220;#000000&#8243; header_2_font_size=&#8220;24px&#8220; header_2_line_height=&#8220;1.2em&#8220; header_3_font=&#8220;Cabin|700||on|||||&#8220; header_3_text_color=&#8220;#bd8f52&#8243; header_3_font_size=&#8220;13px&#8220; header_3_letter_spacing=&#8220;3px&#8220; header_3_line_height=&#8220;1.4em&#8220; max_width=&#8220;36vw&#8220; max_width_tablet=&#8220;90%&#8220; max_width_phone=&#8220;100%&#8220; max_width_last_edited=&#8220;on|tablet&#8220; custom_margin=&#8220;2vw||0px||false|false&#8220; header_font_size_tablet=&#8220;5vw&#8220; header_font_size_phone=&#8220;7vw&#8220; header_font_size_last_edited=&#8220;on|phone&#8220; header_2_font_size_tablet=&#8220;20px&#8220; header_2_font_size_phone=&#8220;18px&#8220; header_2_font_size_last_edited=&#8220;on|desktop&#8220; locked=&#8220;off&#8220; global_colors_info=&#8220;{}&#8220;]<\/p>\n<h2>Ihre Vorteile:<\/h2>\n<p>[\/et_pb_text][et_pb_text _builder_version=&#8220;4.18.0&#8243; text_font=&#8220;||||||||&#8220; text_text_color=&#8220;#000000&#8243; text_font_size=&#8220;16px&#8220; text_line_height=&#8220;1.6em&#8220; header_font=&#8220;|700|||||||&#8220; header_text_color=&#8220;#002d4c&#8220; header_font_size=&#8220;10vw&#8220; header_3_font=&#8220;|700||on|||||&#8220; header_3_text_color=&#8220;#212E40&#8243; header_3_font_size=&#8220;13px&#8220; header_3_letter_spacing=&#8220;3px&#8220; header_3_line_height=&#8220;1.4em&#8220; text_orientation=&#8220;justified&#8220; max_width=&#8220;100%&#8220; max_width_tablet=&#8220;100%&#8220; max_width_phone=&#8220;100%&#8220; max_width_last_edited=&#8220;on|desktop&#8220; custom_margin=&#8220;||20px||false|false&#8220; text_font_size_tablet=&#8220;17px&#8220; text_font_size_phone=&#8220;16px&#8220; text_font_size_last_edited=&#8220;on|phone&#8220; text_line_height_tablet=&#8220;1.6em&#8220; text_line_height_phone=&#8220;1.6em&#8220; text_line_height_last_edited=&#8220;on|tablet&#8220; locked=&#8220;off&#8220; global_colors_info=&#8220;{}&#8220;]<\/p>\n<ul>\n<li>Anstieg der Heizleistung<\/li>\n<li>Energie wird gespart und damit auch die Umwelt geschont<\/li>\n<\/ul>\n<p>[\/et_pb_text][\/et_pb_column][\/et_pb_row][\/et_pb_section]<\/p>\n","protected":false},"excerpt":{"rendered":"<p>Saubere Heizkreisl\u00e4ufeHeizungsanlagen sind wasserdicht, aber nicht gasdicht, deshalb kann Sauerstoff in die Heizungssysteme eindringen. Sauerstoff beschleunigt Korrosionsvorg\u00e4nge, die zu Rostschlamm und Gaspolstern f\u00fchren. Die Folge k\u00f6nnen verschlammte Fu\u00dfbodenkreisl\u00e4ufe, blockierte Umw\u00e4lzpumpen, defekte Thermostat- und Regelventile sowie eine verminderte Heizleistung sein. Die fsw-Speicher- und Heizungs-Sp\u00fcltechnik ist eine Kombinationssp\u00fclung bestehend aus einem Luft-Wasser-Gemisch und Mineralwirkstoffen. Dadurch werden in Heizungssystemen Rostschl\u00e4mme abgebaut und die Heizkreise freigesp\u00fclt.Ihre Vorteile: Anstieg der Heizleistung Energie wird gespart und damit auch die Umwelt geschont<\/p>\n","protected":false},"author":1,"featured_media":0,"parent":0,"menu_order":0,"comment_status":"closed","ping_status":"closed","template":"","meta":{"_et_pb_use_builder":"on","_et_pb_old_content":"","_et_gb_content_width":"","footnotes":""},"class_list":["post-230853","page","type-page","status-publish","hentry"],"_links":{"self":[{"href":"https:\/\/schelle-wassertechnik.de\/de\/wp-json\/wp\/v2\/pages\/230853","targetHints":{"allow":["GET"]}}],"collection":[{"href":"https:\/\/schelle-wassertechnik.de\/de\/wp-json\/wp\/v2\/pages"}],"about":[{"href":"https:\/\/schelle-wassertechnik.de\/de\/wp-json\/wp\/v2\/types\/page"}],"author":[{"embeddable":true,"href":"https:\/\/schelle-wassertechnik.de\/de\/wp-json\/wp\/v2\/users\/1"}],"replies":[{"embeddable":true,"href":"https:\/\/schelle-wassertechnik.de\/de\/wp-json\/wp\/v2\/comments?post=230853"}],"version-history":[{"count":3,"href":"https:\/\/schelle-wassertechnik.de\/de\/wp-json\/wp\/v2\/pages\/230853\/revisions"}],"predecessor-version":[{"id":230856,"href":"https:\/\/schelle-wassertechnik.de\/de\/wp-json\/wp\/v2\/pages\/230853\/revisions\/230856"}],"wp:attachment":[{"href":"https:\/\/schelle-wassertechnik.de\/de\/wp-json\/wp\/v2\/media?parent=230853"}],"curies":[{"name":"wp","href":"https:\/\/api.w.org\/{rel}","templated":true}]}}